{"id":3,"date":"2020-08-12T21:15:25","date_gmt":"2020-08-12T19:15:25","guid":{"rendered":"http:\/\/dorotheelacroix.fr\/?page_id=3"},"modified":"2024-11-09T21:46:22","modified_gmt":"2024-11-09T20:46:22","slug":"politique-de-confidentialite","status":"publish","type":"page","link":"https:\/\/dorotheelacroix.fr\/index.php\/politique-de-confidentialite\/","title":{"rendered":"Politique de confidentialit\u00e9 et Mentions l\u00e9gales"},"content":{"rendered":"\n<p class=\"has-medium-font-size\"><strong>POLITIQUE DE CONFIDENTIALIT\u00c9<\/strong><\/p>\n\n\n\n<p><strong>1. Introduction<\/strong><\/p>\n\n\n\n<p><strong>La pr\u00e9sente politique de confidentialit\u00e9 d\u00e9crit comment Doroth\u00e9e Lacroix  collecte, utilise, conserve et prot\u00e8ge les donn\u00e9es personnelles des utilisateurs du site www.dorotheelacroix.fr (ci-apr\u00e8s \u201cle Site\u201d). Nous accordons une importance particuli\u00e8re \u00e0 la confidentialit\u00e9 de vos informations et nous nous engageons \u00e0 respecter les lois en vigueur, notamment le R\u00e8glement G\u00e9n\u00e9ral sur la Protection des Donn\u00e9es (RGPD).<\/strong><\/p>\n\n\n\n<p><strong>2. Donn\u00e9es collect\u00e9es<\/strong><\/p>\n\n\n\n<p><strong>Nous collectons des donn\u00e9es personnelles de plusieurs mani\u00e8res sur le Site, notamment lorsque vous :<\/strong><\/p>\n\n\n\n<p><strong>\u2022 Remplissez un formulaire de contact <\/strong> <strong>ou envoyez un mail \u00e0 l&rsquo;aide des boutons de contact, <\/strong><\/p>\n\n\n\n<p><strong>\u2022 Vous inscrivez \u00e0 notre newsletter <\/strong>; <\/p>\n\n\n\n<p><strong>\u2022 R\u00e9servez une s\u00e9ance de sophrologie en ligne ;<\/strong><\/p>\n\n\n\n<p><strong>\u2022 Naviguez sur notre site (donn\u00e9es de navigation).<\/strong><\/p>\n\n\n\n<p><strong>Les donn\u00e9es personnelles collect\u00e9es peuvent inclure les informations suivantes :<\/strong><\/p>\n\n\n\n<p><strong>\u2022 Nom et pr\u00e9nom ;<\/strong><\/p>\n\n\n\n<p><strong>\u2022 Adresse e-mail ;<\/strong><\/p>\n\n\n\n<p><strong>\u2022 Num\u00e9ro de t\u00e9l\u00e9phone ;<\/strong><\/p>\n\n\n\n<p><strong>\u2022 Donn\u00e9es de connexion et de navigation.<\/strong><\/p>\n\n\n\n<p><strong>Les types d\u2019informations personnelles suivants peuvent collect\u00e9s, stock\u00e9s et utilis\u00e9s &#8211;<\/strong><\/p>\n\n\n\n<ol class=\"wp-block-list\">\n<li><strong>Des informations \u00e0 propos de votre ordinateur, y compris votre adresse IP, votre localisation g\u00e9ographique, le type et la version de votre navigateur, et votre syst\u00e8me d\u2019exploitation<\/strong><\/li>\n\n\n\n<li><strong>Des informations sur vos visites et votre utilisation de ce site web y compris la source r\u00e9f\u00e9rente, la dur\u00e9e de la visite, les pages vues, et les chemins de navigation de sites web ;<\/strong><\/li>\n\n\n\n<li><strong>Des informations comme votre nom et votre adresse e-mail, que vous saisissez pour souscrire \u00e0 nos e-mails et\/ou newsletters ;<\/strong><\/li>\n\n\n\n<li><strong>Des informations que vous saisissez quand vous utilisez les services de notre site web ;<\/strong><\/li>\n\n\n\n<li><strong>Toute autre information personnelle que vous nous communiquez.<\/strong><\/li>\n\n\n\n<li><strong>Avant de nous divulguer des informations personnelles concernant une autre personne, vous devez obtenir le consentement de ladite personne en ce qui concerne la divulgation et le traitement de ces informations personnelles selon les termes de cette politique.<\/strong><\/li>\n<\/ol>\n\n\n\n<p><strong>3. Utilisation des donn\u00e9es collect\u00e9es<\/strong><\/p>\n\n\n\n<p><strong>Les donn\u00e9es collect\u00e9es sur le Site sont utilis\u00e9es pour :<\/strong><\/p>\n\n\n\n<p><strong>\u2022 R\u00e9pondre aux demandes d\u2019information et aux messages envoy\u00e9s via le formulaire de contact  ou par mail \u00e0 l&rsquo;aide des boutons, <\/strong><\/p>\n\n\n\n<p><strong>\u2022 G\u00e9rer les inscriptions \u00e0 la newsletter et vous envoyer des informations sur nos services, \u00e9v\u00e9nements ou actualit\u00e9s ;<\/strong><\/p>\n\n\n\n<p><strong>\u2022 Permettre la prise de rendez-vous en ligne pour des s\u00e9ances de sophrologie ;<\/strong><\/p>\n\n\n\n<p><strong>\u2022 Am\u00e9liorer l\u2019exp\u00e9rience utilisateur sur le Site et effectuer des analyses statistiques anonymes.<\/strong><\/p>\n\n\n\n<p><strong>4. Dur\u00e9e de conservation des donn\u00e9es<\/strong><\/p>\n\n\n\n<p><strong>Nous conservons vos donn\u00e9es personnelles uniquement pour la dur\u00e9e n\u00e9cessaire aux finalit\u00e9s pour lesquelles elles ont \u00e9t\u00e9 collect\u00e9es :<\/strong><\/p>\n\n\n\n<p><strong>\u2022 Les donn\u00e9es collect\u00e9es pour les prises de contact sont conserv\u00e9es pendant <\/strong><\/p>\n\n\n\n<p><strong>10 ans apr\u00e8s la fin des \u00e9changes ;<\/strong><\/p>\n\n\n\n<p><strong>\u2022 Les donn\u00e9es relatives aux inscriptions \u00e0 la newsletter sont conserv\u00e9es jusqu\u2019\u00e0 votre d\u00e9sinscription (lien de d\u00e9sinscription inclus dans chaque e-mail) ;<\/strong><\/p>\n\n\n\n<p><strong>\u2022 Les donn\u00e9es de navigation sont conserv\u00e9es pendant 12 mois pour les cookies.<\/strong><\/p>\n\n\n\n<p><strong>5. Partage des donn\u00e9es personnelles<\/strong><\/p>\n\n\n\n<p><strong>Nous ne partageons pas vos donn\u00e9es personnelles avec des tiers, sauf dans les cas suivants :<\/strong><\/p>\n\n\n\n<p><\/p>\n\n\n\n<p><strong>\u2022 Avec votre consentement explicite ;<\/strong><\/p>\n\n\n\n<p><strong>\u2022 Pour r\u00e9pondre \u00e0 une obligation l\u00e9gale ou judiciaire ;<\/strong><\/p>\n\n\n\n<p><strong>\u2022 Pour prot\u00e9ger les droits et la s\u00e9curit\u00e9 de Doroth\u00e9e Lacroix, entreprise individuelle. <\/strong><\/p>\n\n\n\n<p><strong>6. S\u00e9curit\u00e9 des donn\u00e9es<\/strong><\/p>\n\n\n\n<p><strong>Nous mettons en \u0153uvre des mesures de s\u00e9curit\u00e9 techniques et organisationnelles pour prot\u00e9ger vos donn\u00e9es personnelles contre tout acc\u00e8s non autoris\u00e9, toute perte ou alt\u00e9ration. Cependant, bien que nous fassions tout notre possible pour prot\u00e9ger vos informations, nous ne pouvons garantir une s\u00e9curit\u00e9 absolue sur Internet.<\/strong><\/p>\n\n\n\n<p><strong>7. Vos droits<\/strong><\/p>\n\n\n\n<p><strong>Conform\u00e9ment au RGPD et \u00e0 la loi \u201cInformatique et Libert\u00e9s\u201d, vous disposez des droits suivants concernant vos donn\u00e9es personnelles :<\/strong><\/p>\n\n\n\n<p><strong>\u2022 <\/strong><strong>Droit d\u2019acc\u00e8s<\/strong><strong>&nbsp;: vous avez le droit de demander l\u2019acc\u00e8s aux donn\u00e9es personnelles que nous d\u00e9tenons \u00e0 votre sujet ;<\/strong><\/p>\n\n\n\n<p><strong>\u2022 <\/strong><strong>Droit de rectification<\/strong><strong>&nbsp;: vous pouvez demander la correction de vos informations si elles sont inexactes ou incompl\u00e8tes ;<\/strong><\/p>\n\n\n\n<p><strong>\u2022 <\/strong><strong>Droit de suppression<\/strong><strong>&nbsp;: vous avez le droit de demander la suppression de vos donn\u00e9es personnelles, sous r\u00e9serve des obligations l\u00e9gales de conservation ;<\/strong><\/p>\n\n\n\n<p><strong>\u2022 <\/strong><strong>Droit d\u2019opposition<\/strong><strong>&nbsp;: vous pouvez vous opposer au traitement de vos donn\u00e9es dans certains cas ;<\/strong><\/p>\n\n\n\n<p><strong>\u2022 <\/strong><strong>Droit \u00e0 la portabilit\u00e9<\/strong><strong>&nbsp;: vous pouvez demander \u00e0 recevoir les donn\u00e9es personnelles que vous nous avez fournies dans un format structur\u00e9 et couramment utilis\u00e9.<\/strong><\/p>\n\n\n\n<p><strong>Pour exercer ces droits, vous pouvez nous contacter \u00e0 l\u2019adresse suivante : contact@dorotheelacroix.fr<\/strong>. <\/p>\n\n\n\n<p><strong>En cas de d\u00e9saccord persistant concernant vos donn\u00e9es, vous avez le droit de saisir la CNIL \u00e0 l\u2019adresse suivante\u00a0: 3 Place de Fontenoy \u2013 TSA 80715 \u2013 75334 PARIS CEDEX 07.<\/strong><\/p>\n\n\n\n<p><strong>8. Cookies<\/strong><\/p>\n\n\n\n<p><strong>Le Site utilise des cookies pour am\u00e9liorer l\u2019exp\u00e9rience utilisateur et recueillir des informations statistiques anonymes sur l\u2019utilisation du site. Vous pouvez g\u00e9rer ou d\u00e9sactiver les cookies dans les param\u00e8tres de votre navigateur. <\/strong><\/p>\n\n\n\n<p><strong>9. Modifications de la politique de confidentialit\u00e9<\/strong><\/p>\n\n\n\n<p><strong>Nous pouvons mettre \u00e0 jour cette politique de confidentialit\u00e9 pour refl\u00e9ter les \u00e9volutions l\u00e9gales, techniques ou commerciales. En cas de modification importante, nous vous en informerons par un avis sur le Site. Nous vous encourageons \u00e0 consulter cette page r\u00e9guli\u00e8rement pour rester inform\u00e9 de tout changement.<\/strong><\/p>\n\n\n\n<p><strong>10. Contact<\/strong><\/p>\n\n\n\n<p><strong>Pour toute question concernant cette politique de confidentialit\u00e9 ou pour exercer vos droits, veuillez nous contacter par e-mail \u00e0 contact@dorotheelacroix.fr ou par courrier \u00e0 l\u2019adresse suivante :<\/strong><\/p>\n\n\n\n<p><strong>Doroth\u00e9e Lacroix sophrologue<\/strong><\/p>\n\n\n\n<p><strong>16 rue des Tahons 54136 Bouxi\u00e8res-aux-Dames <\/strong><\/p>\n\n\n\n<p><strong>Date de derni\u00e8re mise \u00e0 jour\u00a0: <\/strong>09\/11\/2024 <\/p>\n\n\n\n<p><\/p>\n\n\n\n<p class=\"has-medium-font-size\"><strong>MENTIONS LEGALES <\/strong><\/p>\n\n\n\n<p><strong>1. \u00c9diteur du site<\/strong><\/p>\n\n\n\n<p><strong>Le site www.dorotheelacroix.fr est \u00e9dit\u00e9 par :<\/strong><\/p>\n\n\n\n<p><strong>Nom de l\u2019entreprise : Doroth\u00e9e Lacroix <\/strong><\/p>\n\n\n\n<p><strong>Statut : Entreprise individuelle<\/strong><\/p>\n\n\n\n<p><strong>Adresse : 16 rue des Tahons 54136 Bouxi\u00e8res-aux-Dames <\/strong><\/p>\n\n\n\n<p><strong>Num\u00e9ro SIRET : 894 490 465 00016<\/strong><\/p>\n\n\n\n<p><strong>Directeur de la publication : Doroth\u00e9e Lacroix <\/strong><\/p>\n\n\n\n<p><strong>Adresse e-mail : contact@dorotheelacroix.fr<\/strong><\/p>\n\n\n\n<p><strong>T\u00e9l\u00e9phone : 06 43 41 45 45 <\/strong><\/p>\n\n\n\n<p><strong>2. H\u00e9bergement<\/strong><\/p>\n\n\n\n<p><strong>Le site est h\u00e9berg\u00e9 par :<\/strong> <strong>OVH Groupe SAS<\/strong><\/p>\n\n\n\n<p><strong>Nom de l\u2019h\u00e9bergeur : OVH.com <\/strong><\/p>\n\n\n\n<p><strong>Adresse de l\u2019h\u00e9bergeur : 2 rue Kellermann \u2013 59100 Roubaix \u2013 France<\/strong><\/p>\n\n\n\n<p><strong>T\u00e9l\u00e9phone de l\u2019h\u00e9bergeur : 09 72 10 10 07\u00a0<\/strong><\/p>\n\n\n\n<p><strong>3. Propri\u00e9t\u00e9 intellectuelle<\/strong><\/p>\n\n\n\n<p><strong>Le contenu du site www.dorotheelacroix.fr, incluant, sans limitation, les textes, images, graphismes, logos, ic\u00f4nes, vid\u00e9os, sons, logiciels, et tout autre contenu pr\u00e9sent sur le site, est la propri\u00e9t\u00e9 exclusive de Doroth\u00e9e Lacroix ou de ses partenaires et est prot\u00e9g\u00e9 par les lois en vigueur en mati\u00e8re de propri\u00e9t\u00e9 intellectuelle. Toute reproduction, repr\u00e9sentation, modification, publication, adaptation de tout ou partie des \u00e9l\u00e9ments du site, quel que soit le moyen ou le proc\u00e9d\u00e9 utilis\u00e9, est interdite, sauf autorisation \u00e9crite pr\u00e9alable de [Nom de l\u2019entreprise ou du praticien].<\/strong><\/p>\n\n\n\n<p><strong>4. Responsabilit\u00e9<\/strong><\/p>\n\n\n\n<p><strong>Les informations fournies sur le site www.dorotheelacroix.fr sont destin\u00e9es \u00e0 informer les utilisateurs sur les activit\u00e9s de sophrologie propos\u00e9es. Elles sont fournies \u00e0 titre indicatif et ne sauraient se substituer \u00e0 un avis m\u00e9dical ou \u00e0 un suivi th\u00e9rapeutique. En cas de besoin de soins m\u00e9dicaux ou de suivi psychologique, l\u2019utilisateur est invit\u00e9 \u00e0 consulter un professionnel de sant\u00e9.<\/strong><\/p>\n\n\n\n<p><strong>www.dorotheelacroix.fr ne peut \u00eatre tenu pour responsable de l\u2019utilisation qui pourrait \u00eatre faite des informations et des services propos\u00e9s sur le site, ni de tout dommage direct ou indirect pouvant d\u00e9couler de la consultation ou de l\u2019utilisation du site.<\/strong><\/p>\n\n\n\n<p><strong>5. Liens hypertextes<\/strong><\/p>\n\n\n\n<p><strong>Le site peut contenir des liens hypertextes vers d\u2019autres sites. www.dorotheelacroix.fr ne peut \u00eatre tenu responsable du contenu de ces sites externes, ni des dommages ou pr\u00e9judices pouvant r\u00e9sulter de leur consultation.<\/strong><\/p>\n\n\n\n<p><strong>6. Protection des donn\u00e9es personnelles<\/strong><\/p>\n\n\n\n<p><strong>www.dorotheelacroix.fr s\u2019engage \u00e0 respecter la confidentialit\u00e9 des donn\u00e9es personnelles collect\u00e9es dans le cadre de l\u2019utilisation du site, conform\u00e9ment au R\u00e8glement G\u00e9n\u00e9ral sur la Protection des Donn\u00e9es (RGPD).<\/strong><\/p>\n\n\n\n<p><strong>Donn\u00e9es collect\u00e9es :\u00a0Les donn\u00e9es personnelles collect\u00e9es sur le site www.dorotheelacroix.fr incluent, sans s\u2019y limiter, les noms, pr\u00e9noms, adresses e-mail et num\u00e9ros de t\u00e9l\u00e9phone fournis par l\u2019utilisateur lors de l\u2019utilisation du formulaire de contact ou d\u2019inscription aux services.<\/strong><\/p>\n\n\n\n<p><strong>Utilisation des donn\u00e9es :\u00a0Les donn\u00e9es collect\u00e9es sont utilis\u00e9es exclusivement dans le cadre des services offerts par www.dorotheelacroix.fr et ne seront en aucun cas partag\u00e9es avec des tiers sans le consentement explicite de l\u2019utilisateur, sauf obligation l\u00e9gale.<\/strong><\/p>\n\n\n\n<p><strong>Droit d\u2019acc\u00e8s et de rectification :\u00a0Conform\u00e9ment \u00e0 la loi \u201cInformatique et Libert\u00e9s\u201d du 6 janvier 1978 modifi\u00e9e, l\u2019utilisateur dispose d\u2019un droit d\u2019acc\u00e8s, de rectification, et de suppression des informations le concernant. Pour exercer ces droits, l\u2019utilisateur peut adresser une demande \u00e0 l\u2019adresse suivante : contact@dorotheelacroix.fr<\/strong><\/p>\n\n\n\n<p><strong>7. Cookies<\/strong><\/p>\n\n\n\n<p><strong>Le site www.dorotheelacroix.fr utilise des cookies pour am\u00e9liorer l\u2019exp\u00e9rience de navigation des utilisateurs et collecter des donn\u00e9es statistiques anonymes. L\u2019utilisateur a la possibilit\u00e9 de d\u00e9sactiver les cookies en modifiant les param\u00e8tres de son navigateur.<\/strong><\/p>\n\n\n\n<p><strong>8. Droit applicable<\/strong><\/p>\n\n\n\n<p><strong>Les pr\u00e9sentes mentions l\u00e9gales sont r\u00e9gies par le droit fran\u00e7ais. En cas de litige, et \u00e0 d\u00e9faut de r\u00e9solution amiable, le tribunal comp\u00e9tent sera celui du lieu de domicile de Doroth\u00e9e Lacroix, entreprise individuelle. <\/strong><\/p>\n\n\n\n<p><strong>Mise \u00e0 jour des mentions l\u00e9gales\u00a0: Derni\u00e8re mise \u00e0 jour le <\/strong>09\/11\/2024. <\/p>\n\n\n\n<p><\/p>\n\n\n\n<p><\/p>\n\n\n\n<p><\/p>\n\n\n\n<p><\/p>\n\n\n\n<p><\/p>\n","protected":false},"excerpt":{"rendered":"<p>POLITIQUE DE CONFIDENTIALIT\u00c9 1. Introduction La pr\u00e9sente politique de confidentialit\u00e9 d\u00e9crit comment Doroth\u00e9e Lacroix collecte, utilise, conserve et prot\u00e8ge les donn\u00e9es personnelles des utilisateurs du site www.dorotheelacroix.fr (ci-apr\u00e8s \u201cle Site\u201d). Nous accordons une importance particuli\u00e8re \u00e0 la confidentialit\u00e9 de vos informations et nous nous engageons \u00e0 respecter les lois en vigueur, notamment le R\u00e8glement G\u00e9n\u00e9ral [&hellip;]<\/p>\n","protected":false},"author":1,"featured_media":0,"parent":0,"menu_order":0,"comment_status":"closed","ping_status":"open","template":"","meta":{"saved_in_kubio":false,"footnotes":""},"class_list":["post-3","page","type-page","status-publish","hentry"],"kubio_ai_page_context":{"short_desc":"","purpose":"general"},"yoast_head":"<!-- This site is optimized with the Yoast SEO plugin v27.5 - https:\/\/yoast.com\/product\/yoast-seo-wordpress\/ -->\n<title>Politique de confidentialit\u00e9 et Mentions l\u00e9gales - Doroth\u00e9e Lacroix Sophrologue<\/title>\n<meta name=\"robots\" content=\"index, follow, max-snippet:-1, max-image-preview:large, max-video-preview:-1\" \/>\n<link rel=\"canonical\" href=\"https:\/\/dorotheelacroix.fr\/index.php\/politique-de-confidentialite\/\" \/>\n<meta property=\"og:locale\" content=\"fr_FR\" \/>\n<meta property=\"og:type\" content=\"article\" \/>\n<meta property=\"og:title\" content=\"Politique de confidentialit\u00e9 et Mentions l\u00e9gales - Doroth\u00e9e Lacroix Sophrologue\" \/>\n<meta property=\"og:description\" content=\"POLITIQUE DE CONFIDENTIALIT\u00c9 1. Introduction La pr\u00e9sente politique de confidentialit\u00e9 d\u00e9crit comment Doroth\u00e9e Lacroix collecte, utilise, conserve et prot\u00e8ge les donn\u00e9es personnelles des utilisateurs du site www.dorotheelacroix.fr (ci-apr\u00e8s \u201cle Site\u201d). Nous accordons une importance particuli\u00e8re \u00e0 la confidentialit\u00e9 de vos informations et nous nous engageons \u00e0 respecter les lois en vigueur, notamment le R\u00e8glement G\u00e9n\u00e9ral [&hellip;]\" \/>\n<meta property=\"og:url\" content=\"https:\/\/dorotheelacroix.fr\/index.php\/politique-de-confidentialite\/\" \/>\n<meta property=\"og:site_name\" content=\"Doroth\u00e9e Lacroix Sophrologue\" \/>\n<meta property=\"article:modified_time\" content=\"2024-11-09T20:46:22+00:00\" \/>\n<meta name=\"twitter:card\" content=\"summary_large_image\" \/>\n<meta name=\"twitter:label1\" content=\"Dur\u00e9e de lecture estim\u00e9e\" \/>\n\t<meta name=\"twitter:data1\" content=\"8 minutes\" \/>\n<script type=\"application\/ld+json\" class=\"yoast-schema-graph\">{\"@context\":\"https:\\\/\\\/schema.org\",\"@graph\":[{\"@type\":\"WebPage\",\"@id\":\"https:\\\/\\\/dorotheelacroix.fr\\\/index.php\\\/politique-de-confidentialite\\\/\",\"url\":\"https:\\\/\\\/dorotheelacroix.fr\\\/index.php\\\/politique-de-confidentialite\\\/\",\"name\":\"Politique de confidentialit\u00e9 et Mentions l\u00e9gales - Doroth\u00e9e Lacroix Sophrologue\",\"isPartOf\":{\"@id\":\"https:\\\/\\\/dorotheelacroix.fr\\\/#website\"},\"datePublished\":\"2020-08-12T19:15:25+00:00\",\"dateModified\":\"2024-11-09T20:46:22+00:00\",\"breadcrumb\":{\"@id\":\"https:\\\/\\\/dorotheelacroix.fr\\\/index.php\\\/politique-de-confidentialite\\\/#breadcrumb\"},\"inLanguage\":\"fr-FR\",\"potentialAction\":[{\"@type\":\"ReadAction\",\"target\":[\"https:\\\/\\\/dorotheelacroix.fr\\\/index.php\\\/politique-de-confidentialite\\\/\"]}]},{\"@type\":\"BreadcrumbList\",\"@id\":\"https:\\\/\\\/dorotheelacroix.fr\\\/index.php\\\/politique-de-confidentialite\\\/#breadcrumb\",\"itemListElement\":[{\"@type\":\"ListItem\",\"position\":1,\"name\":\"Accueil\",\"item\":\"https:\\\/\\\/dorotheelacroix.fr\\\/\"},{\"@type\":\"ListItem\",\"position\":2,\"name\":\"Politique de confidentialit\u00e9 et Mentions l\u00e9gales\"}]},{\"@type\":\"WebSite\",\"@id\":\"https:\\\/\\\/dorotheelacroix.fr\\\/#website\",\"url\":\"https:\\\/\\\/dorotheelacroix.fr\\\/\",\"name\":\"Doroth\u00e9e Lacroix Sophrologue\",\"description\":\"\u25ce Nancy et Villers-l\u00e8s-Nancy \u2706 06 43 41 45 45 \u2709\ufe0f contact@dorotheelacroix.fr\",\"publisher\":{\"@id\":\"https:\\\/\\\/dorotheelacroix.fr\\\/#organization\"},\"potentialAction\":[{\"@type\":\"SearchAction\",\"target\":{\"@type\":\"EntryPoint\",\"urlTemplate\":\"https:\\\/\\\/dorotheelacroix.fr\\\/?s={search_term_string}\"},\"query-input\":{\"@type\":\"PropertyValueSpecification\",\"valueRequired\":true,\"valueName\":\"search_term_string\"}}],\"inLanguage\":\"fr-FR\"},{\"@type\":\"Organization\",\"@id\":\"https:\\\/\\\/dorotheelacroix.fr\\\/#organization\",\"name\":\"Doroth\u00e9e Lacroix Sophrologue\",\"url\":\"https:\\\/\\\/dorotheelacroix.fr\\\/\",\"logo\":{\"@type\":\"ImageObject\",\"inLanguage\":\"fr-FR\",\"@id\":\"https:\\\/\\\/dorotheelacroix.fr\\\/#\\\/schema\\\/logo\\\/image\\\/\",\"url\":\"https:\\\/\\\/dorotheelacroix.fr\\\/wp-content\\\/uploads\\\/2023\\\/08\\\/cropped-cropped-cropped-cropped-dl_logo-fond-transparent-1-1-1.png\",\"contentUrl\":\"https:\\\/\\\/dorotheelacroix.fr\\\/wp-content\\\/uploads\\\/2023\\\/08\\\/cropped-cropped-cropped-cropped-dl_logo-fond-transparent-1-1-1.png\",\"width\":512,\"height\":512,\"caption\":\"Doroth\u00e9e Lacroix Sophrologue \"},\"image\":{\"@id\":\"https:\\\/\\\/dorotheelacroix.fr\\\/#\\\/schema\\\/logo\\\/image\\\/\"}}]}<\/script>\n<!-- \/ Yoast SEO plugin. -->","yoast_head_json":{"title":"Politique de confidentialit\u00e9 et Mentions l\u00e9gales - Doroth\u00e9e Lacroix Sophrologue","robots":{"index":"index","follow":"follow","max-snippet":"max-snippet:-1","max-image-preview":"max-image-preview:large","max-video-preview":"max-video-preview:-1"},"canonical":"https:\/\/dorotheelacroix.fr\/index.php\/politique-de-confidentialite\/","og_locale":"fr_FR","og_type":"article","og_title":"Politique de confidentialit\u00e9 et Mentions l\u00e9gales - Doroth\u00e9e Lacroix Sophrologue","og_description":"POLITIQUE DE CONFIDENTIALIT\u00c9 1. Introduction La pr\u00e9sente politique de confidentialit\u00e9 d\u00e9crit comment Doroth\u00e9e Lacroix collecte, utilise, conserve et prot\u00e8ge les donn\u00e9es personnelles des utilisateurs du site www.dorotheelacroix.fr (ci-apr\u00e8s \u201cle Site\u201d). Nous accordons une importance particuli\u00e8re \u00e0 la confidentialit\u00e9 de vos informations et nous nous engageons \u00e0 respecter les lois en vigueur, notamment le R\u00e8glement G\u00e9n\u00e9ral [&hellip;]","og_url":"https:\/\/dorotheelacroix.fr\/index.php\/politique-de-confidentialite\/","og_site_name":"Doroth\u00e9e Lacroix Sophrologue","article_modified_time":"2024-11-09T20:46:22+00:00","twitter_card":"summary_large_image","twitter_misc":{"Dur\u00e9e de lecture estim\u00e9e":"8 minutes"},"schema":{"@context":"https:\/\/schema.org","@graph":[{"@type":"WebPage","@id":"https:\/\/dorotheelacroix.fr\/index.php\/politique-de-confidentialite\/","url":"https:\/\/dorotheelacroix.fr\/index.php\/politique-de-confidentialite\/","name":"Politique de confidentialit\u00e9 et Mentions l\u00e9gales - Doroth\u00e9e Lacroix Sophrologue","isPartOf":{"@id":"https:\/\/dorotheelacroix.fr\/#website"},"datePublished":"2020-08-12T19:15:25+00:00","dateModified":"2024-11-09T20:46:22+00:00","breadcrumb":{"@id":"https:\/\/dorotheelacroix.fr\/index.php\/politique-de-confidentialite\/#breadcrumb"},"inLanguage":"fr-FR","potentialAction":[{"@type":"ReadAction","target":["https:\/\/dorotheelacroix.fr\/index.php\/politique-de-confidentialite\/"]}]},{"@type":"BreadcrumbList","@id":"https:\/\/dorotheelacroix.fr\/index.php\/politique-de-confidentialite\/#breadcrumb","itemListElement":[{"@type":"ListItem","position":1,"name":"Accueil","item":"https:\/\/dorotheelacroix.fr\/"},{"@type":"ListItem","position":2,"name":"Politique de confidentialit\u00e9 et Mentions l\u00e9gales"}]},{"@type":"WebSite","@id":"https:\/\/dorotheelacroix.fr\/#website","url":"https:\/\/dorotheelacroix.fr\/","name":"Doroth\u00e9e Lacroix Sophrologue","description":"\u25ce Nancy et Villers-l\u00e8s-Nancy \u2706 06 43 41 45 45 \u2709\ufe0f contact@dorotheelacroix.fr","publisher":{"@id":"https:\/\/dorotheelacroix.fr\/#organization"},"potentialAction":[{"@type":"SearchAction","target":{"@type":"EntryPoint","urlTemplate":"https:\/\/dorotheelacroix.fr\/?s={search_term_string}"},"query-input":{"@type":"PropertyValueSpecification","valueRequired":true,"valueName":"search_term_string"}}],"inLanguage":"fr-FR"},{"@type":"Organization","@id":"https:\/\/dorotheelacroix.fr\/#organization","name":"Doroth\u00e9e Lacroix Sophrologue","url":"https:\/\/dorotheelacroix.fr\/","logo":{"@type":"ImageObject","inLanguage":"fr-FR","@id":"https:\/\/dorotheelacroix.fr\/#\/schema\/logo\/image\/","url":"https:\/\/dorotheelacroix.fr\/wp-content\/uploads\/2023\/08\/cropped-cropped-cropped-cropped-dl_logo-fond-transparent-1-1-1.png","contentUrl":"https:\/\/dorotheelacroix.fr\/wp-content\/uploads\/2023\/08\/cropped-cropped-cropped-cropped-dl_logo-fond-transparent-1-1-1.png","width":512,"height":512,"caption":"Doroth\u00e9e Lacroix Sophrologue "},"image":{"@id":"https:\/\/dorotheelacroix.fr\/#\/schema\/logo\/image\/"}}]}},"_links":{"self":[{"href":"https:\/\/dorotheelacroix.fr\/index.php\/wp-json\/wp\/v2\/pages\/3","targetHints":{"allow":["GET"]}}],"collection":[{"href":"https:\/\/dorotheelacroix.fr\/index.php\/wp-json\/wp\/v2\/pages"}],"about":[{"href":"https:\/\/dorotheelacroix.fr\/index.php\/wp-json\/wp\/v2\/types\/page"}],"author":[{"embeddable":true,"href":"https:\/\/dorotheelacroix.fr\/index.php\/wp-json\/wp\/v2\/users\/1"}],"replies":[{"embeddable":true,"href":"https:\/\/dorotheelacroix.fr\/index.php\/wp-json\/wp\/v2\/comments?post=3"}],"version-history":[{"count":25,"href":"https:\/\/dorotheelacroix.fr\/index.php\/wp-json\/wp\/v2\/pages\/3\/revisions"}],"predecessor-version":[{"id":3631,"href":"https:\/\/dorotheelacroix.fr\/index.php\/wp-json\/wp\/v2\/pages\/3\/revisions\/3631"}],"wp:attachment":[{"href":"https:\/\/dorotheelacroix.fr\/index.php\/wp-json\/wp\/v2\/media?parent=3"}],"curies":[{"name":"wp","href":"https:\/\/api.w.org\/{rel}","templated":true}]}}